{"id":211,"date":"2021-05-06T09:19:24","date_gmt":"2021-05-06T09:19:24","guid":{"rendered":"https:\/\/qi83.qodeinteractive.com\/?page_id=211"},"modified":"2025-05-14T10:55:17","modified_gmt":"2025-05-14T08:55:17","slug":"main-home","status":"publish","type":"page","link":"https:\/\/www.labranella.sk\/","title":{"rendered":"Home"},"content":{"rendered":"\t\t<div data-elementor-type=\"wp-page\" data-elementor-id=\"211\" class=\"elementor elementor-211\">\n\t\t\t\t\t\t\t<div class=\"elementor-element elementor-element-883047d e-con-full e-flex qodef-elementor-content-no e-con e-parent\" data-id=\"883047d\" data-element_type=\"container\" data-settings=\"{&quot;content_width&quot;:&quot;full&quot;}\" data-core-v316-plus=\"true\">\n\t\t\t\t<div class=\"elementor-element elementor-element-7bc7701 elementor-widget elementor-widget-image\" data-id=\"7bc7701\" data-element_type=\"widget\" data-widget_type=\"image.default\">\n\t\t\t\t<div class=\"elementor-widget-container\">\n\t\t\t<style>\/*! elementor - v3.18.0 - 20-12-2023 *\/\n.elementor-widget-image{text-align:center}.elementor-widget-image a{display:inline-block}.elementor-widget-image a img[src$=\".svg\"]{width:48px}.elementor-widget-image img{vertical-align:middle;display:inline-block}<\/style>\t\t\t\t\t\t\t\t\t\t\t\t<img fetchpriority=\"high\" decoding=\"async\" width=\"2560\" height=\"1939\" src=\"https:\/\/www.labranella.sk\/wp-content\/uploads\/2025\/05\/cidf_mah7h3az1-scaled.jpeg\" class=\"attachment-full size-full wp-image-1375\" alt=\"\" srcset=\"https:\/\/www.labranella.sk\/wp-content\/uploads\/2025\/05\/cidf_mah7h3az1-scaled.jpeg 2560w, https:\/\/www.labranella.sk\/wp-content\/uploads\/2025\/05\/cidf_mah7h3az1-300x227.jpeg 300w, https:\/\/www.labranella.sk\/wp-content\/uploads\/2025\/05\/cidf_mah7h3az1-1024x776.jpeg 1024w, https:\/\/www.labranella.sk\/wp-content\/uploads\/2025\/05\/cidf_mah7h3az1-768x582.jpeg 768w, https:\/\/www.labranella.sk\/wp-content\/uploads\/2025\/05\/cidf_mah7h3az1-1536x1164.jpeg 1536w, https:\/\/www.labranella.sk\/wp-content\/uploads\/2025\/05\/cidf_mah7h3az1-2048x1551.jpeg 2048w\" sizes=\"(max-width: 2560px) 100vw, 2560px\" \/>\t\t\t\t\t\t\t\t\t\t\t\t\t\t\t<\/div>\n\t\t\t\t<\/div>\n\t\t\t\t<\/div>\n\t\t\t\t<section class=\"elementor-section elementor-top-section elementor-element elementor-element-9c616a3 elementor-section-full_width elementor-section-height-default elementor-section-height-default qodef-elementor-content-no\" data-id=\"9c616a3\" data-element_type=\"section\" data-settings=\"{&quot;background_background&quot;:&quot;classic&quot;}\">\n\t\t\t\t\t\t<div class=\"elementor-container elementor-column-gap-default\">\n\t\t\t\t\t<div class=\"elementor-column elementor-col-33 elementor-top-column elementor-element elementor-element-56bcc7c\" data-id=\"56bcc7c\" data-element_type=\"column\" data-settings=\"{&quot;background_background&quot;:&quot;classic&quot;}\">\n\t\t\t<div class=\"elementor-widget-wrap elementor-element-populated\">\n\t\t\t\t\t\t\t\t<div class=\"elementor-element elementor-element-a2d72c8 elementor-widget__width-initial elementor-hidden-mobile elementor-widget elementor-widget-heading\" data-id=\"a2d72c8\" data-element_type=\"widget\" data-widget_type=\"heading.default\">\n\t\t\t\t<div class=\"elementor-widget-container\">\n\t\t\t<style>\/*! elementor - v3.18.0 - 20-12-2023 *\/\n.elementor-heading-title{padding:0;margin:0;line-height:1}.elementor-widget-heading .elementor-heading-title[class*=elementor-size-]>a{color:inherit;font-size:inherit;line-height:inherit}.elementor-widget-heading .elementor-heading-title.elementor-size-small{font-size:15px}.elementor-widget-heading .elementor-heading-title.elementor-size-medium{font-size:19px}.elementor-widget-heading .elementor-heading-title.elementor-size-large{font-size:29px}.elementor-widget-heading .elementor-heading-title.elementor-size-xl{font-size:39px}.elementor-widget-heading .elementor-heading-title.elementor-size-xxl{font-size:59px}<\/style><h1 class=\"elementor-heading-title elementor-size-default\">Chyst\u00e1me <br>ti nov\u00fa <br>webov\u00fa <br>str\u00e1nku<\/h1>\t\t<\/div>\n\t\t\t\t<\/div>\n\t\t\t\t<div class=\"elementor-element elementor-element-433bdf5 elementor-widget__width-initial elementor-hidden-desktop elementor-hidden-tablet elementor-widget elementor-widget-heading\" data-id=\"433bdf5\" data-element_type=\"widget\" data-widget_type=\"heading.default\">\n\t\t\t\t<div class=\"elementor-widget-container\">\n\t\t\t<h1 class=\"elementor-heading-title elementor-size-default\">Chyst\u00e1me ti nov\u00fa webov\u00fa str\u00e1nku<\/h1>\t\t<\/div>\n\t\t\t\t<\/div>\n\t\t\t\t\t<\/div>\n\t\t<\/div>\n\t\t\t\t<div class=\"elementor-column elementor-col-33 elementor-top-column elementor-element elementor-element-08aa338\" data-id=\"08aa338\" data-element_type=\"column\">\n\t\t\t<div class=\"elementor-widget-wrap elementor-element-populated\">\n\t\t\t\t\t\t\t\t<div class=\"elementor-element elementor-element-58f4005 elementor-widget elementor-widget-image\" data-id=\"58f4005\" data-element_type=\"widget\" data-widget_type=\"image.default\">\n\t\t\t\t<div class=\"elementor-widget-container\">\n\t\t\t\t\t\t\t\t\t\t\t\t\t\t\t<img decoding=\"async\" width=\"768\" height=\"1024\" src=\"https:\/\/www.labranella.sk\/wp-content\/uploads\/2023\/12\/5-768x1024.jpg\" class=\"attachment-large size-large wp-image-1348\" alt=\"\" srcset=\"https:\/\/www.labranella.sk\/wp-content\/uploads\/2023\/12\/5-768x1024.jpg 768w, https:\/\/www.labranella.sk\/wp-content\/uploads\/2023\/12\/5-225x300.jpg 225w, https:\/\/www.labranella.sk\/wp-content\/uploads\/2023\/12\/5-1152x1536.jpg 1152w, https:\/\/www.labranella.sk\/wp-content\/uploads\/2023\/12\/5.jpg 1512w\" sizes=\"(max-width: 768px) 100vw, 768px\" \/>\t\t\t\t\t\t\t\t\t\t\t\t\t\t\t<\/div>\n\t\t\t\t<\/div>\n\t\t\t\t\t<\/div>\n\t\t<\/div>\n\t\t\t\t<div class=\"elementor-column elementor-col-33 elementor-top-column elementor-element elementor-element-256f4ef elementor-hidden-mobile\" data-id=\"256f4ef\" data-element_type=\"column\">\n\t\t\t<div class=\"elementor-widget-wrap elementor-element-populated\">\n\t\t\t\t\t\t\t\t<div class=\"elementor-element elementor-element-100c931 elementor-widget-mobile__width-inherit elementor-widget elementor-widget-text-editor\" data-id=\"100c931\" data-element_type=\"widget\" data-widget_type=\"text-editor.default\">\n\t\t\t\t<div class=\"elementor-widget-container\">\n\t\t\t<style>\/*! elementor - v3.18.0 - 20-12-2023 *\/\n.elementor-widget-text-editor.elementor-drop-cap-view-stacked .elementor-drop-cap{background-color:#69727d;color:#fff}.elementor-widget-text-editor.elementor-drop-cap-view-framed .elementor-drop-cap{color:#69727d;border:3px solid;background-color:transparent}.elementor-widget-text-editor:not(.elementor-drop-cap-view-default) .elementor-drop-cap{margin-top:8px}.elementor-widget-text-editor:not(.elementor-drop-cap-view-default) .elementor-drop-cap-letter{width:1em;height:1em}.elementor-widget-text-editor .elementor-drop-cap{float:left;text-align:center;line-height:1;font-size:50px}.elementor-widget-text-editor .elementor-drop-cap-letter{display:inline-block}<\/style>\t\t\t\t<p><span style=\"color: #7b7b7b;\">Na tejto webovej str\u00e1nke sa svedomito pracuje<\/span><\/p>\t\t\t\t\t\t<\/div>\n\t\t\t\t<\/div>\n\t\t\t\t\t<\/div>\n\t\t<\/div>\n\t\t\t\t\t\t\t<\/div>\n\t\t<\/section>\n\t\t\t\t\t\t\t<\/div>\n\t\t","protected":false},"excerpt":{"rendered":"<p>Chyst\u00e1me ti nov\u00fa webov\u00fa str\u00e1nku Chyst\u00e1me ti nov\u00fa webov\u00fa str\u00e1nku Na tejto webovej str\u00e1nke sa svedomito pracuje<\/p>\n","protected":false},"author":1,"featured_media":0,"parent":0,"menu_order":0,"comment_status":"closed","ping_status":"closed","template":"qi-full-width.php","meta":{"_monsterinsights_skip_tracking":false,"_monsterinsights_sitenote_active":false,"_monsterinsights_sitenote_note":"","_monsterinsights_sitenote_category":0,"footnotes":""},"yoast_head":"<!-- This site is optimized with the Yoast SEO plugin v21.7 - https:\/\/yoast.com\/wordpress\/plugins\/seo\/ -->\n<title>Home - Labranella<\/title>\n<meta name=\"robots\" content=\"index, follow, max-snippet:-1, max-image-preview:large, max-video-preview:-1\" \/>\n<link rel=\"canonical\" href=\"https:\/\/www.labranella.sk\/\" \/>\n<meta property=\"og:locale\" content=\"sk_SK\" \/>\n<meta property=\"og:type\" content=\"article\" \/>\n<meta property=\"og:title\" content=\"Home - Labranella\" \/>\n<meta property=\"og:description\" content=\"Chyst\u00e1me ti nov\u00fa webov\u00fa str\u00e1nku Chyst\u00e1me ti nov\u00fa webov\u00fa str\u00e1nku Na tejto webovej str\u00e1nke sa svedomito pracuje\" \/>\n<meta property=\"og:url\" content=\"https:\/\/www.labranella.sk\/\" \/>\n<meta property=\"og:site_name\" content=\"Labranella\" \/>\n<meta property=\"article:modified_time\" content=\"2025-05-14T08:55:17+00:00\" \/>\n<meta property=\"og:image\" content=\"https:\/\/www.labranella.sk\/wp-content\/uploads\/2025\/05\/cidf_mah7h3az1-scaled.jpeg\" \/>\n<meta name=\"twitter:card\" content=\"summary_large_image\" \/>\n<meta name=\"twitter:label1\" content=\"Predpokladan\u00fd \u010das \u010d\u00edtania\" \/>\n\t<meta name=\"twitter:data1\" content=\"1 min\u00fata\" \/>\n<script type=\"application\/ld+json\" class=\"yoast-schema-graph\">{\"@context\":\"https:\/\/schema.org\",\"@graph\":[{\"@type\":\"WebPage\",\"@id\":\"https:\/\/www.labranella.sk\/\",\"url\":\"https:\/\/www.labranella.sk\/\",\"name\":\"Home - Labranella\",\"isPartOf\":{\"@id\":\"https:\/\/www.labranella.sk\/#website\"},\"datePublished\":\"2021-05-06T09:19:24+00:00\",\"dateModified\":\"2025-05-14T08:55:17+00:00\",\"breadcrumb\":{\"@id\":\"https:\/\/www.labranella.sk\/#breadcrumb\"},\"inLanguage\":\"sk-SK\",\"potentialAction\":[{\"@type\":\"ReadAction\",\"target\":[\"https:\/\/www.labranella.sk\/\"]}]},{\"@type\":\"BreadcrumbList\",\"@id\":\"https:\/\/www.labranella.sk\/#breadcrumb\",\"itemListElement\":[{\"@type\":\"ListItem\",\"position\":1,\"name\":\"Home\",\"item\":\"https:\/\/www.labranella.sk\/\"},{\"@type\":\"ListItem\",\"position\":2,\"name\":\"Home\"}]},{\"@type\":\"WebSite\",\"@id\":\"https:\/\/www.labranella.sk\/#website\",\"url\":\"https:\/\/www.labranella.sk\/\",\"name\":\"Labranella\",\"description\":\"\",\"publisher\":{\"@id\":\"https:\/\/www.labranella.sk\/#organization\"},\"potentialAction\":[{\"@type\":\"SearchAction\",\"target\":{\"@type\":\"EntryPoint\",\"urlTemplate\":\"https:\/\/www.labranella.sk\/?s={search_term_string}\"},\"query-input\":\"required name=search_term_string\"}],\"inLanguage\":\"sk-SK\"},{\"@type\":\"Organization\",\"@id\":\"https:\/\/www.labranella.sk\/#organization\",\"name\":\"Labranella\",\"url\":\"https:\/\/www.labranella.sk\/\",\"logo\":{\"@type\":\"ImageObject\",\"inLanguage\":\"sk-SK\",\"@id\":\"https:\/\/www.labranella.sk\/#\/schema\/logo\/image\/\",\"url\":\"https:\/\/www.labranella.sk\/wp-content\/uploads\/2021\/06\/cropped-qi-favicon.png\",\"contentUrl\":\"https:\/\/www.labranella.sk\/wp-content\/uploads\/2021\/06\/cropped-qi-favicon.png\",\"width\":512,\"height\":512,\"caption\":\"Labranella\"},\"image\":{\"@id\":\"https:\/\/www.labranella.sk\/#\/schema\/logo\/image\/\"}}]}<\/script>\n<!-- \/ Yoast SEO plugin. -->","yoast_head_json":{"title":"Home - Labranella","robots":{"index":"index","follow":"follow","max-snippet":"max-snippet:-1","max-image-preview":"max-image-preview:large","max-video-preview":"max-video-preview:-1"},"canonical":"https:\/\/www.labranella.sk\/","og_locale":"sk_SK","og_type":"article","og_title":"Home - Labranella","og_description":"Chyst\u00e1me ti nov\u00fa webov\u00fa str\u00e1nku Chyst\u00e1me ti nov\u00fa webov\u00fa str\u00e1nku Na tejto webovej str\u00e1nke sa svedomito pracuje","og_url":"https:\/\/www.labranella.sk\/","og_site_name":"Labranella","article_modified_time":"2025-05-14T08:55:17+00:00","og_image":[{"url":"https:\/\/www.labranella.sk\/wp-content\/uploads\/2025\/05\/cidf_mah7h3az1-scaled.jpeg"}],"twitter_card":"summary_large_image","twitter_misc":{"Predpokladan\u00fd \u010das \u010d\u00edtania":"1 min\u00fata"},"schema":{"@context":"https:\/\/schema.org","@graph":[{"@type":"WebPage","@id":"https:\/\/www.labranella.sk\/","url":"https:\/\/www.labranella.sk\/","name":"Home - Labranella","isPartOf":{"@id":"https:\/\/www.labranella.sk\/#website"},"datePublished":"2021-05-06T09:19:24+00:00","dateModified":"2025-05-14T08:55:17+00:00","breadcrumb":{"@id":"https:\/\/www.labranella.sk\/#breadcrumb"},"inLanguage":"sk-SK","potentialAction":[{"@type":"ReadAction","target":["https:\/\/www.labranella.sk\/"]}]},{"@type":"BreadcrumbList","@id":"https:\/\/www.labranella.sk\/#breadcrumb","itemListElement":[{"@type":"ListItem","position":1,"name":"Home","item":"https:\/\/www.labranella.sk\/"},{"@type":"ListItem","position":2,"name":"Home"}]},{"@type":"WebSite","@id":"https:\/\/www.labranella.sk\/#website","url":"https:\/\/www.labranella.sk\/","name":"Labranella","description":"","publisher":{"@id":"https:\/\/www.labranella.sk\/#organization"},"potentialAction":[{"@type":"SearchAction","target":{"@type":"EntryPoint","urlTemplate":"https:\/\/www.labranella.sk\/?s={search_term_string}"},"query-input":"required name=search_term_string"}],"inLanguage":"sk-SK"},{"@type":"Organization","@id":"https:\/\/www.labranella.sk\/#organization","name":"Labranella","url":"https:\/\/www.labranella.sk\/","logo":{"@type":"ImageObject","inLanguage":"sk-SK","@id":"https:\/\/www.labranella.sk\/#\/schema\/logo\/image\/","url":"https:\/\/www.labranella.sk\/wp-content\/uploads\/2021\/06\/cropped-qi-favicon.png","contentUrl":"https:\/\/www.labranella.sk\/wp-content\/uploads\/2021\/06\/cropped-qi-favicon.png","width":512,"height":512,"caption":"Labranella"},"image":{"@id":"https:\/\/www.labranella.sk\/#\/schema\/logo\/image\/"}}]}},"_links":{"self":[{"href":"https:\/\/www.labranella.sk\/index.php?rest_route=\/wp\/v2\/pages\/211"}],"collection":[{"href":"https:\/\/www.labranella.sk\/index.php?rest_route=\/wp\/v2\/pages"}],"about":[{"href":"https:\/\/www.labranella.sk\/index.php?rest_route=\/wp\/v2\/types\/page"}],"author":[{"embeddable":true,"href":"https:\/\/www.labranella.sk\/index.php?rest_route=\/wp\/v2\/users\/1"}],"replies":[{"embeddable":true,"href":"https:\/\/www.labranella.sk\/index.php?rest_route=%2Fwp%2Fv2%2Fcomments&post=211"}],"version-history":[{"count":6,"href":"https:\/\/www.labranella.sk\/index.php?rest_route=\/wp\/v2\/pages\/211\/revisions"}],"predecessor-version":[{"id":1399,"href":"https:\/\/www.labranella.sk\/index.php?rest_route=\/wp\/v2\/pages\/211\/revisions\/1399"}],"wp:attachment":[{"href":"https:\/\/www.labranella.sk\/index.php?rest_route=%2Fwp%2Fv2%2Fmedia&parent=211"}],"curies":[{"name":"wp","href":"https:\/\/api.w.org\/{rel}","templated":true}]}}